{"id":3379,"date":"2019-11-26T09:00:06","date_gmt":"2019-11-26T08:00:06","guid":{"rendered":"http:\/\/themes.themegoods.com\/grandrestaurant\/demo1\/?page_id=3379"},"modified":"2022-05-09T20:02:26","modified_gmt":"2022-05-09T18:02:26","slug":"nous-contacter","status":"publish","type":"page","link":"https:\/\/auxdelicesdelorient.com\/english\/nous-contacter\/","title":{"rendered":"Contact us"},"content":{"rendered":"<div  class=\"one withsmallpadding ppb_text\" style=\"padding:45px 0 45px 0;background-color:#ffffff;\" >\n<div class=\"standard_wrapper\">\n<div class=\"page_content_wrapper\">\n<div class=\"inner\">\n<div style=\"margin:auto;width:90%\">\n<div style=\"font-size: 25px; text-align: center;\">03.60.19.07.32 - contact@auxdelicesdelorient.com<\/div>\n<div style=\"font-size: 20px; text-align: center;\"><strong>If you want to reserve a table or if you have questions or comments,<\/strong><\/div>\n<div style=\"font-size: 20px; text-align: center;\"><strong>do not hesitate to contact us in the way that suits you best.<\/strong><\/div>\n<div role=\"form\" class=\"wpcf7\" id=\"wpcf7-f29695-o1\" lang=\"fr-FR\" dir=\"ltr\">\n<div class=\"screen-reader-response\">\n<p role=\"status\" aria-live=\"polite\" aria-atomic=\"true\">\n<ul><\/ul>\n<\/div>\n<form action=\"\/wp-admin\/post.php#wpcf7-f29695-o1\" method=\"post\" class=\"wpcf7-form init\" novalidate=\"novalidate\" data-status=\"init\" data-trp-original-action=\"\/wp-admin\/post.php#wpcf7-f29695-o1\">\n<div style=\"display: none;\">\n<input type=\"hidden\" name=\"_wpcf7\" value=\"29695\" \/><br \/>\n<input type=\"hidden\" name=\"_wpcf7_version\" value=\"5.5.4\" \/><br \/>\n<input type=\"hidden\" name=\"_wpcf7_locale\" value=\"fr_FR\" \/><br \/>\n<input type=\"hidden\" name=\"_wpcf7_unit_tag\" value=\"wpcf7-f29695-o1\" \/><br \/>\n<input type=\"hidden\" name=\"_wpcf7_container_post\" value=\"0\" \/><br \/>\n<input type=\"hidden\" name=\"_wpcf7_posted_data_hash\" value=\"\" \/>\n<\/div>\n<p><label> Your name (required)<br \/>\n    <span class=\"wpcf7-form-control-wrap your-name\"><input type=\"text\" name=\"your-name\" value=\"\" size=\"40\" class=\"wpcf7-form-control wpcf7-text wpcf7-validates-as-required\" aria-required=\"true\" aria-invalid=\"false\" \/><\/span> <\/label><\/p>\n<p><label> Your e-mail address (required)<br \/>\n    <span class=\"wpcf7-form-control-wrap your-email\"><input type=\"email\" name=\"your-email\" value=\"\" size=\"40\" class=\"wpcf7-form-control wpcf7-text wpcf7-email wpcf7-validates-as-required wpcf7-validates-as-email\" aria-required=\"true\" aria-invalid=\"false\" \/><\/span> <\/label><\/p>\n<p><label> Your message<br \/>\n    <span class=\"wpcf7-form-control-wrap your-message\"><textarea name=\"your-message\" cols=\"40\" rows=\"10\" class=\"wpcf7-form-control wpcf7-textarea\" aria-invalid=\"false\"><\/textarea><\/span> <\/label><\/p>\n<div id=\"cf7sr-69f33490df287\" class=\"cf7sr-g-recaptcha\" data-theme=\"light\" data-type=\"image\" data-size=\"normal\" data-sitekey=\"6LdZH8UUAAAAAMxS9jm0TiX5Qt3IsEGWFywyxRnL\"><\/div><span class=\"wpcf7-form-control-wrap cf7sr-recaptcha\" data-name=\"cf7sr-recaptcha\"><input type=\"hidden\" name=\"cf7sr-recaptcha\" value=\"\" class=\"wpcf7-form-control\"><\/span>\n<p><input type=\"submit\" value=\"Send\" class=\"wpcf7-form-control has-spinner wpcf7-submit\" \/><\/p>\n<div class=\"wpcf7-response-output\" aria-hidden=\"true\"><\/div>\n<input type=\"hidden\" name=\"trp-form-language\" value=\"english\"\/><\/form>\n<\/div>\n<div style=\"font-size: 20px; text-align: center;\">Aux d\u00e9lices de l'Orient is open :<\/div>\n<div style=\"font-size: 25px; text-transform: uppercase; letter-spacing: -1px; font-weight: 300; text-align: center;\"><span style=\"color: #ff9900;\"><strong>From Tuesday to Wednesday<\/strong><\/span><\/div>\n<div style=\"font-size: 20px; text-align: center;\">From 10h to 14h30 and from 15h30 to 19h<\/div>\n<div style=\"font-size: 25px; text-transform: uppercase; letter-spacing: -1px; font-weight: 300; text-align: center;\"><span style=\"color: #ff9900;\"><strong>Thursday<\/strong><\/span><\/div>\n<div style=\"font-size: 20px; text-align: center;\">From 10h to 14h30 and from 15h30 to 18h<\/div>\n<div style=\"font-size: 25px; text-transform: uppercase; letter-spacing: -1px; font-weight: 300; text-align: center;\"><span style=\"color: #ff9900;\"><strong>Friday<\/strong><\/span><\/div>\n<div style=\"font-size: 20px; text-align: center;\">From 10h to 14h30 and from 15h30 to 19h<\/div>\n<div style=\"font-size: 25px; text-transform: uppercase; letter-spacing: -1px; font-weight: 300; text-align: center;\"><span style=\"color: #ff9900;\"><strong>THE SATURDAY<\/strong><\/span><\/div>\n<div style=\"font-size: 20px; text-align: center;\">De 9h \u00e0 14h30 et de 15h30 \u00e0 19h<\/div>\n<\/div>\n<\/div>\n<\/div>\n<\/div>\n<\/div>\n<div class=\"map_shortcode_wrapper\" id=\"map1652119346634879040\" style=\"width:100%;height:600px\">\n<div class=\"map-marker\" data-latlng=\"49.5808,3.00009\" data-icon=\"https:\/\/auxdelicesdelorient.com\/wp-content\/uploads\/2019\/11\/ici.png\" ><\/div>\n<\/div>\n<div class=\"divider one\">&nbsp;<\/div>","protected":false},"excerpt":{"rendered":"<p>03.60.19.07.32 \u2013 contact@auxdelicesdelorient.com Si vous souhaitez r\u00e9server une table ou si vous avez des questions ou des commentaires, n\u2019h\u00e9sitez pas \u00e0 nous contacter de la mani\u00e8re qui vous convient le mieux. Votre nom (obligatoire) Votre adresse de messagerie (obligatoire) Votre [&hellip;]<\/p>\n","protected":false},"author":1,"featured_media":0,"parent":0,"menu_order":0,"comment_status":"open","ping_status":"open","template":"","meta":{"_monsterinsights_skip_tracking":false,"_monsterinsights_sitenote_active":false,"_monsterinsights_sitenote_note":"","_monsterinsights_sitenote_category":0,"footnotes":""},"yoast_head":"<!-- This site is optimized with the Yoast SEO plugin v22.6 - https:\/\/yoast.com\/wordpress\/plugins\/seo\/ -->\n<title>Nous contacter - Aux d\u00e9lices de l&#039;orient<\/title>\n<meta name=\"description\" content=\"Si vous souhaitez r\u00e9server une table ou si vous avez des questions ou des commentaires,n\u2019h\u00e9sitez pas \u00e0 nous contacter de la mani\u00e8re qui vous convient le mieux.\" \/>\n<meta name=\"robots\" content=\"index, follow, max-snippet:-1, max-image-preview:large, max-video-preview:-1\" \/>\n<link rel=\"canonical\" href=\"https:\/\/auxdelicesdelorient.com\/english\/nous-contacter\/\" \/>\n<meta property=\"og:locale\" content=\"en_GB\" \/>\n<meta property=\"og:type\" content=\"article\" \/>\n<meta property=\"og:title\" content=\"Nous contacter - Aux d\u00e9lices de l&#039;orient\" \/>\n<meta property=\"og:description\" content=\"Si vous souhaitez r\u00e9server une table ou si vous avez des questions ou des commentaires,n\u2019h\u00e9sitez pas \u00e0 nous contacter de la mani\u00e8re qui vous convient le mieux.\" \/>\n<meta property=\"og:url\" content=\"https:\/\/auxdelicesdelorient.com\/english\/nous-contacter\/\" \/>\n<meta property=\"og:site_name\" content=\"Aux d\u00e9lices de l&#039;orient\" \/>\n<meta property=\"article:publisher\" content=\"https:\/\/www.facebook.com\/auxdelicesdelorient\/\" \/>\n<meta property=\"article:modified_time\" content=\"2022-05-09T18:02:26+00:00\" \/>\n<meta property=\"og:image\" content=\"https:\/\/auxdelicesdelorient.com\/wp-content\/uploads\/2019\/12\/visu-meta-3.jpg\" \/>\n\t<meta property=\"og:image:width\" content=\"1200\" \/>\n\t<meta property=\"og:image:height\" content=\"630\" \/>\n\t<meta property=\"og:image:type\" content=\"image\/jpeg\" \/>\n<meta name=\"twitter:card\" content=\"summary_large_image\" \/>\n<script type=\"application\/ld+json\" class=\"yoast-schema-graph\">{\"@context\":\"https:\/\/schema.org\",\"@graph\":[{\"@type\":\"WebPage\",\"@id\":\"https:\/\/auxdelicesdelorient.com\/nous-contacter\/\",\"url\":\"https:\/\/auxdelicesdelorient.com\/nous-contacter\/\",\"name\":\"Nous contacter - Aux d\u00e9lices de l&#039;orient\",\"isPartOf\":{\"@id\":\"https:\/\/auxdelicesdelorient.com\/#website\"},\"datePublished\":\"2019-11-26T08:00:06+00:00\",\"dateModified\":\"2022-05-09T18:02:26+00:00\",\"description\":\"Si vous souhaitez r\u00e9server une table ou si vous avez des questions ou des commentaires,n\u2019h\u00e9sitez pas \u00e0 nous contacter de la mani\u00e8re qui vous convient le mieux.\",\"breadcrumb\":{\"@id\":\"https:\/\/auxdelicesdelorient.com\/nous-contacter\/#breadcrumb\"},\"inLanguage\":\"en-GB\",\"potentialAction\":[{\"@type\":\"ReadAction\",\"target\":[\"https:\/\/auxdelicesdelorient.com\/nous-contacter\/\"]}]},{\"@type\":\"BreadcrumbList\",\"@id\":\"https:\/\/auxdelicesdelorient.com\/nous-contacter\/#breadcrumb\",\"itemListElement\":[{\"@type\":\"ListItem\",\"position\":1,\"name\":\"Accueil\",\"item\":\"https:\/\/auxdelicesdelorient.com\/\"},{\"@type\":\"ListItem\",\"position\":2,\"name\":\"Nous contacter\"}]},{\"@type\":\"WebSite\",\"@id\":\"https:\/\/auxdelicesdelorient.com\/#website\",\"url\":\"https:\/\/auxdelicesdelorient.com\/\",\"name\":\"Aux d\u00e9lices de l&#039;orient\",\"description\":\"Restaurant Oriental \u00e0 Noyon\",\"publisher\":{\"@id\":\"https:\/\/auxdelicesdelorient.com\/#organization\"},\"potentialAction\":[{\"@type\":\"SearchAction\",\"target\":{\"@type\":\"EntryPoint\",\"urlTemplate\":\"https:\/\/auxdelicesdelorient.com\/?s={search_term_string}\"},\"query-input\":\"required name=search_term_string\"}],\"inLanguage\":\"en-GB\"},{\"@type\":\"Organization\",\"@id\":\"https:\/\/auxdelicesdelorient.com\/#organization\",\"name\":\"Aux d\u00e9lices de l'Orient\",\"url\":\"https:\/\/auxdelicesdelorient.com\/\",\"logo\":{\"@type\":\"ImageObject\",\"inLanguage\":\"en-GB\",\"@id\":\"https:\/\/auxdelicesdelorient.com\/#\/schema\/logo\/image\/\",\"url\":\"\",\"contentUrl\":\"\",\"caption\":\"Aux d\u00e9lices de l'Orient\"},\"image\":{\"@id\":\"https:\/\/auxdelicesdelorient.com\/#\/schema\/logo\/image\/\"},\"sameAs\":[\"https:\/\/www.facebook.com\/auxdelicesdelorient\/\"]}]}<\/script>\n<!-- \/ Yoast SEO plugin. -->","yoast_head_json":{"title":"Nous contacter - Aux d\u00e9lices de l&#039;orient","description":"Si vous souhaitez r\u00e9server une table ou si vous avez des questions ou des commentaires,n\u2019h\u00e9sitez pas \u00e0 nous contacter de la mani\u00e8re qui vous convient le mieux.","robots":{"index":"index","follow":"follow","max-snippet":"max-snippet:-1","max-image-preview":"max-image-preview:large","max-video-preview":"max-video-preview:-1"},"canonical":"https:\/\/auxdelicesdelorient.com\/english\/nous-contacter\/","og_locale":"en_GB","og_type":"article","og_title":"Nous contacter - Aux d\u00e9lices de l&#039;orient","og_description":"Si vous souhaitez r\u00e9server une table ou si vous avez des questions ou des commentaires,n\u2019h\u00e9sitez pas \u00e0 nous contacter de la mani\u00e8re qui vous convient le mieux.","og_url":"https:\/\/auxdelicesdelorient.com\/english\/nous-contacter\/","og_site_name":"Aux d\u00e9lices de l&#039;orient","article_publisher":"https:\/\/www.facebook.com\/auxdelicesdelorient\/","article_modified_time":"2022-05-09T18:02:26+00:00","og_image":[{"width":1200,"height":630,"url":"https:\/\/auxdelicesdelorient.com\/wp-content\/uploads\/2019\/12\/visu-meta-3.jpg","type":"image\/jpeg"}],"twitter_card":"summary_large_image","schema":{"@context":"https:\/\/schema.org","@graph":[{"@type":"WebPage","@id":"https:\/\/auxdelicesdelorient.com\/nous-contacter\/","url":"https:\/\/auxdelicesdelorient.com\/nous-contacter\/","name":"Nous contacter - Aux d\u00e9lices de l&#039;orient","isPartOf":{"@id":"https:\/\/auxdelicesdelorient.com\/#website"},"datePublished":"2019-11-26T08:00:06+00:00","dateModified":"2022-05-09T18:02:26+00:00","description":"Si vous souhaitez r\u00e9server une table ou si vous avez des questions ou des commentaires,n\u2019h\u00e9sitez pas \u00e0 nous contacter de la mani\u00e8re qui vous convient le mieux.","breadcrumb":{"@id":"https:\/\/auxdelicesdelorient.com\/nous-contacter\/#breadcrumb"},"inLanguage":"en-GB","potentialAction":[{"@type":"ReadAction","target":["https:\/\/auxdelicesdelorient.com\/nous-contacter\/"]}]},{"@type":"BreadcrumbList","@id":"https:\/\/auxdelicesdelorient.com\/nous-contacter\/#breadcrumb","itemListElement":[{"@type":"ListItem","position":1,"name":"Accueil","item":"https:\/\/auxdelicesdelorient.com\/"},{"@type":"ListItem","position":2,"name":"Nous contacter"}]},{"@type":"WebSite","@id":"https:\/\/auxdelicesdelorient.com\/#website","url":"https:\/\/auxdelicesdelorient.com\/","name":"Aux d\u00e9lices de l&#039;orient","description":"Restaurant Oriental \u00e0 Noyon","publisher":{"@id":"https:\/\/auxdelicesdelorient.com\/#organization"},"potentialAction":[{"@type":"SearchAction","target":{"@type":"EntryPoint","urlTemplate":"https:\/\/auxdelicesdelorient.com\/?s={search_term_string}"},"query-input":"required name=search_term_string"}],"inLanguage":"en-GB"},{"@type":"Organization","@id":"https:\/\/auxdelicesdelorient.com\/#organization","name":"Aux d\u00e9lices de l'Orient","url":"https:\/\/auxdelicesdelorient.com\/","logo":{"@type":"ImageObject","inLanguage":"en-GB","@id":"https:\/\/auxdelicesdelorient.com\/#\/schema\/logo\/image\/","url":"","contentUrl":"","caption":"Aux d\u00e9lices de l'Orient"},"image":{"@id":"https:\/\/auxdelicesdelorient.com\/#\/schema\/logo\/image\/"},"sameAs":["https:\/\/www.facebook.com\/auxdelicesdelorient\/"]}]}},"_links":{"self":[{"href":"https:\/\/auxdelicesdelorient.com\/english\/wp-json\/wp\/v2\/pages\/3379"}],"collection":[{"href":"https:\/\/auxdelicesdelorient.com\/english\/wp-json\/wp\/v2\/pages"}],"about":[{"href":"https:\/\/auxdelicesdelorient.com\/english\/wp-json\/wp\/v2\/types\/page"}],"author":[{"embeddable":true,"href":"https:\/\/auxdelicesdelorient.com\/english\/wp-json\/wp\/v2\/users\/1"}],"replies":[{"embeddable":true,"href":"https:\/\/auxdelicesdelorient.com\/english\/wp-json\/wp\/v2\/comments?post=3379"}],"version-history":[{"count":163,"href":"https:\/\/auxdelicesdelorient.com\/english\/wp-json\/wp\/v2\/pages\/3379\/revisions"}],"predecessor-version":[{"id":30323,"href":"https:\/\/auxdelicesdelorient.com\/english\/wp-json\/wp\/v2\/pages\/3379\/revisions\/30323"}],"wp:attachment":[{"href":"https:\/\/auxdelicesdelorient.com\/english\/wp-json\/wp\/v2\/media?parent=3379"}],"curies":[{"name":"wp","href":"https:\/\/api.w.org\/{rel}","templated":true}]}}