{"id":29146,"date":"2019-11-26T19:25:42","date_gmt":"2019-11-26T18:25:42","guid":{"rendered":"https:\/\/auxdelicesdelorient.com\/?page_id=29146"},"modified":"2021-06-07T21:51:17","modified_gmt":"2021-06-07T19:51:17","slug":"les-patisseries","status":"publish","type":"page","link":"https:\/\/auxdelicesdelorient.com\/english\/les-patisseries\/","title":{"rendered":"Pastries"},"content":{"rendered":"<div  class=\"one withsmallpadding ppb_text withbg\" style=\"background-image:url(https:\/\/auxdelicesdelorient.com\/wp-content\/uploads\/2019\/11\/Sans-titre-1.jpg);background-position: center top;padding:30px 0 30px 0;\" >\n<div class=\"standard_wrapper\">\n<div class=\"page_content_wrapper\">\n<div class=\"inner\" >\n<div style=\"font-size: 20px;\">\n<p style=\"text-align: justify;\">You can see here some of our <span style=\"color: #ff9900;\"><strong>oriental pastries<\/strong><\/span> and especially our must-haves! We offer a multitude of <span style=\"color: #ff9900;\"><strong>traditional cakes<\/strong><\/span> like Chabakia or the gazelle horn.<\/p>\n<p style=\"text-align: justify;\"><span style=\"color: #1c1e21;\">Let yourself be tempted by <span style=\"color: #ff9900;\"><strong>flavors of the Orient<\/strong><\/span> with the flavors of cinnamon, honey, orange blossom water, dates, almond and many more! <\/span><\/p>\n<p style=\"text-align: justify;\"><span style=\"color: #1c1e21;\">Sans oublier de les accompagner d&#8217;un th\u00e9 \u00e0 la <strong><span style=\"color: #ff9900;\">fresh mint<\/span><\/strong>, d&#8217;un <strong><span style=\"color: #ff9900;\">coffee<\/span> <\/strong>or any other drink of your convenience.<\/span><\/p>\n<p style=\"text-align: justify;\">For any further information, do not hesitate to contact your <span style=\"color: #ff9900;\"><a style=\"color: #ff9900;\" href=\"https:\/\/auxdelicesdelorient.com\/english\/nous-contacter\/\"><strong>restaurant in Noyon<\/strong><\/a><\/span>.<\/p>\n<div><\/div>\n<\/div>\n<\/div>\n<\/div>\n<\/div>\n<\/div>\n<div  class=\"ppb_portfolio one nopadding\" style=\"padding:30px 0 30px 0;\" >\n<div class=\"page_content_wrapper fullwidth\">\n<div class=\"portfolio_filter_wrapper four_cols gallery portfolio-content section content clearfix\">\n<div class=\"element classic3_cols\">\n<div class=\"one_fourth gallery4 filterable grid_image static animated1\">\n<div id=\"portfolio_desc_29199\" class=\"portfolio_desc grid_image portfolio4 filterable\">\n<div class=\"grid_image_frame\">\n<div id=\"menu_29199\" class=\"menu_content_classic center\">\n<h5 class=\"menu_post\">\n\t\t        \t<span class=\"menu_title\">Briouate nuts<\/span><br \/>\n\t\t        <\/h5>\n<div class=\"post_detail menu_excerpt\"><\/div>\n<p><br class=\"clear\"\/><br \/><span class=\"menu_price\">1,50 \u20ac<\/span><\/div>\n<\/div>\n<\/div>\n<p><img decoding=\"async\" src=\"https:\/\/auxdelicesdelorient.com\/wp-content\/uploads\/2019\/11\/Briwate-noix-400x400.jpeg\" alt=\"\"\/><\/div>\n<\/div>\n<div class=\"element classic3_cols\">\n<div class=\"one_fourth gallery4 filterable grid_image static animated2\">\n<div id=\"portfolio_desc_29195\" class=\"portfolio_desc grid_image portfolio4 filterable\">\n<div class=\"grid_image_frame\">\n<div id=\"menu_29195\" class=\"menu_content_classic center\">\n<h5 class=\"menu_post\">\n\t\t        \t<span class=\"menu_title\">Chabakia<\/span><br \/>\n\t\t        <\/h5>\n<div class=\"post_detail menu_excerpt\"><\/div>\n<p><br class=\"clear\"\/><br \/><span class=\"menu_price\">1,55 \u20ac<\/span><\/div>\n<\/div>\n<\/div>\n<p><img decoding=\"async\" src=\"https:\/\/auxdelicesdelorient.com\/wp-content\/uploads\/2019\/11\/Chabakia-400x400.jpeg\" alt=\"\"\/><\/div>\n<\/div>\n<div class=\"element classic3_cols\">\n<div class=\"one_fourth gallery4 filterable grid_image static animated3\">\n<div id=\"portfolio_desc_29191\" class=\"portfolio_desc grid_image portfolio4 filterable\">\n<div class=\"grid_image_frame\">\n<div id=\"menu_29191\" class=\"menu_content_classic center\">\n<h5 class=\"menu_post\">\n\t\t        \t<span class=\"menu_title\">Algiers fine Cigar<\/span><br \/>\n\t\t        <\/h5>\n<div class=\"post_detail menu_excerpt\"><\/div>\n<p><br class=\"clear\"\/><br \/><span class=\"menu_price\">1,50 \u20ac<\/span><\/div>\n<\/div>\n<\/div>\n<p><img decoding=\"async\" src=\"https:\/\/auxdelicesdelorient.com\/wp-content\/uploads\/2019\/11\/Cigare-alg\u00e9rois-amande-400x400.jpeg\" alt=\"\"\/><\/div>\n<\/div>\n<div class=\"element classic3_cols\">\n<div class=\"one_fourth gallery4 filterable grid_image static animated4\">\n<div id=\"portfolio_desc_29187\" class=\"portfolio_desc grid_image portfolio4 filterable last\">\n<div class=\"grid_image_frame\">\n<div id=\"menu_29187\" class=\"menu_content_classic center\">\n<h5 class=\"menu_post\">\n\t\t        \t<span class=\"menu_title\">Desert Rose<\/span><br \/>\n\t\t        <\/h5>\n<div class=\"post_detail menu_excerpt\"><\/div>\n<p><br class=\"clear\"\/><br \/><span class=\"menu_price\">2,50 \u20ac<\/span><\/div>\n<\/div>\n<\/div>\n<p><img decoding=\"async\" src=\"https:\/\/auxdelicesdelorient.com\/wp-content\/uploads\/2019\/11\/Rose-des-sables-400x400.jpeg\" alt=\"\"\/><\/div>\n<\/div>\n<div class=\"element classic3_cols\">\n<div class=\"one_fourth gallery4 filterable grid_image static animated5\">\n<div id=\"portfolio_desc_29183\" class=\"portfolio_desc grid_image portfolio4 filterable\">\n<div class=\"grid_image_frame\">\n<div id=\"menu_29183\" class=\"menu_content_classic center\">\n<h5 class=\"menu_post\">\n\t\t        \t<span class=\"menu_title\">Moroccan Baklawa<\/span><br \/>\n\t\t        <\/h5>\n<div class=\"post_detail menu_excerpt\"><\/div>\n<p><br class=\"clear\"\/><br \/><span class=\"menu_price\">1,50 \u20ac<\/span><\/div>\n<\/div>\n<\/div>\n<p><img decoding=\"async\" src=\"https:\/\/auxdelicesdelorient.com\/wp-content\/uploads\/2019\/11\/Galbe-alouz-400x400.jpeg\" alt=\"\"\/><\/div>\n<\/div>\n<div class=\"element classic3_cols\">\n<div class=\"one_fourth gallery4 filterable grid_image static animated6\">\n<div id=\"portfolio_desc_29179\" class=\"portfolio_desc grid_image portfolio4 filterable\">\n<div class=\"grid_image_frame\">\n<div id=\"menu_29179\" class=\"menu_content_classic center\">\n<h5 class=\"menu_post\">\n\t\t        \t<span class=\"menu_title\">Cornet Alg\u00e9rois<\/span><br \/>\n\t\t        <\/h5>\n<div class=\"post_detail menu_excerpt\"><\/div>\n<p><br class=\"clear\"\/><br \/><span class=\"menu_price\">1,50 \u20ac<\/span><\/div>\n<\/div>\n<\/div>\n<p><img decoding=\"async\" src=\"https:\/\/auxdelicesdelorient.com\/wp-content\/uploads\/2019\/11\/cornet-alg\u00e9rois-400x400.jpeg\" alt=\"\"\/><\/div>\n<\/div>\n<div class=\"element classic3_cols\">\n<div class=\"one_fourth gallery4 filterable grid_image static animated7\">\n<div id=\"portfolio_desc_29175\" class=\"portfolio_desc grid_image portfolio4 filterable\">\n<div class=\"grid_image_frame\">\n<div id=\"menu_29175\" class=\"menu_content_classic center\">\n<h5 class=\"menu_post\">\n\t\t        \t<span class=\"menu_title\">Tunisian gazelle horn<\/span><br \/>\n\t\t        <\/h5>\n<div class=\"post_detail menu_excerpt\"><\/div>\n<p><br class=\"clear\"\/><br \/><span class=\"menu_price\">1,20 \u20ac<\/span><\/div>\n<\/div>\n<\/div>\n<p><img decoding=\"async\" src=\"https:\/\/auxdelicesdelorient.com\/wp-content\/uploads\/2019\/11\/Corne-de-gazelle-tunisienne-400x400.jpeg\" alt=\"\"\/><\/div>\n<\/div>\n<div class=\"element classic3_cols\">\n<div class=\"one_fourth gallery4 filterable grid_image static animated8\">\n<div id=\"portfolio_desc_29171\" class=\"portfolio_desc grid_image portfolio4 filterable last\">\n<div class=\"grid_image_frame\">\n<div id=\"menu_29171\" class=\"menu_content_classic center\">\n<h5 class=\"menu_post\">\n\t\t        \t<span class=\"menu_title\">Greek Baklawa<\/span><br \/>\n\t\t        <\/h5>\n<div class=\"post_detail menu_excerpt\"><\/div>\n<p><br class=\"clear\"\/><br \/><span class=\"menu_price\">2,00 \u20ac<\/span><\/div>\n<\/div>\n<\/div>\n<p><img decoding=\"async\" src=\"https:\/\/auxdelicesdelorient.com\/wp-content\/uploads\/2019\/11\/Baklava-grecque-400x400.jpeg\" alt=\"\"\/><\/div>\n<\/div>\n<div class=\"element classic3_cols\">\n<div class=\"one_fourth gallery4 filterable grid_image static animated9\">\n<div id=\"portfolio_desc_29167\" class=\"portfolio_desc grid_image portfolio4 filterable\">\n<div class=\"grid_image_frame\">\n<div id=\"menu_29167\" class=\"menu_content_classic center\">\n<h5 class=\"menu_post\">\n\t\t        \t<span class=\"menu_title\">Lebanese flower<\/span><br \/>\n\t\t        <\/h5>\n<div class=\"post_detail menu_excerpt\"><\/div>\n<p><br class=\"clear\"\/><br \/><span class=\"menu_price\">1,20 \u20ac<\/span><\/div>\n<\/div>\n<\/div>\n<p><img decoding=\"async\" src=\"https:\/\/auxdelicesdelorient.com\/wp-content\/uploads\/2019\/11\/fleurs-libanaise-400x400.jpeg\" alt=\"\"\/><\/div>\n<\/div>\n<div class=\"element classic3_cols\">\n<div class=\"one_fourth gallery4 filterable grid_image static animated10\">\n<div id=\"portfolio_desc_29162\" class=\"portfolio_desc grid_image portfolio4 filterable\">\n<div class=\"grid_image_frame\">\n<div id=\"menu_29162\" class=\"menu_content_classic center\">\n<h5 class=\"menu_post\">\n\t\t        \t<span class=\"menu_title\">Lebanese Cigar<\/span><br \/>\n\t\t        <\/h5>\n<div class=\"post_detail menu_excerpt\">Lot of 2<\/div>\n<p><br class=\"clear\"\/><br \/><span class=\"menu_price\">1,50 \u20ac<\/span><\/div>\n<\/div>\n<\/div>\n<p><img decoding=\"async\" src=\"https:\/\/auxdelicesdelorient.com\/wp-content\/uploads\/2019\/11\/cigare-libanais-400x400.jpg\" alt=\"\"\/><\/div>\n<\/div>\n<div class=\"element classic3_cols\">\n<div class=\"one_fourth gallery4 filterable grid_image static animated11\">\n<div id=\"portfolio_desc_29158\" class=\"portfolio_desc grid_image portfolio4 filterable\">\n<div class=\"grid_image_frame\">\n<div id=\"menu_29158\" class=\"menu_content_classic center\">\n<h5 class=\"menu_post\">\n\t\t        \t<span class=\"menu_title\">Kataif<\/span><br \/>\n\t\t        <\/h5>\n<div class=\"post_detail menu_excerpt\"><\/div>\n<p><br class=\"clear\"\/><br \/><span class=\"menu_price\">2,00 \u20ac<\/span><\/div>\n<\/div>\n<\/div>\n<p><img decoding=\"async\" src=\"https:\/\/auxdelicesdelorient.com\/wp-content\/uploads\/2019\/11\/kataif-400x400.jpeg\" alt=\"\"\/><\/div>\n<\/div>\n<div class=\"element classic3_cols\">\n<div class=\"one_fourth gallery4 filterable grid_image static animated12\">\n<div id=\"portfolio_desc_29150\" class=\"portfolio_desc grid_image portfolio4 filterable last\">\n<div class=\"grid_image_frame\">\n<div id=\"menu_29150\" class=\"menu_content_classic center\">\n<h5 class=\"menu_post\">\n\t\t        \t<span class=\"menu_title\">Gazelle horn<\/span><br \/>\n\t\t        <\/h5>\n<div class=\"post_detail menu_excerpt\"><\/div>\n<p><br class=\"clear\"\/><br \/><span class=\"menu_price\">1,50 \u20ac<\/span><\/div>\n<\/div>\n<\/div>\n<p><img decoding=\"async\" src=\"https:\/\/auxdelicesdelorient.com\/wp-content\/uploads\/2019\/11\/corne-de-gazelle-1.50-min-400x400.jpeg\" alt=\"\"\/><\/div>\n<\/div>\n<\/div>\n<\/div>\n<\/div>\n<div  class=\"one ppb_menu_with_image\" style=\"position:relative;padding:10px 0 10px 0;\" >\n<div class=\"standard_wrapper\">\n<div class=\"page_content_wrapper\">\n<div class=\"inner\">\n<div class=\"one_half parallax_scroll\" style=\"width:40%;position:absolute;left:90px;background:#ffffff;padding:10px;z-index:2;\" data-stellar-ratio=\"1.3\">\n<h2 class=\"ppb_menu_title\" >Pastries of your choice<\/h2>\n<div id=\"menu_29214\" class=\"menu_content_classic\">\n<h5 class=\"menu_post\">\n\t\t            \t<span class=\"menu_title\" style=\"background:#ffffff;\">4 pastries at 1.20 \u20ac to choose<\/span><br \/>\n\t\t            \t<span class=\"menu_dots\"><\/span><br \/>\n\t\t            \t<span class=\"menu_price\" style=\"background:#ffffff;\">4,00 \u20ac<\/span><\/h5>\n<div class=\"post_detail menu_excerpt\"><\/div>\n<\/div>\n<\/div>\n<div class=\"one_half parallax_scroll_image last\" style=\"width:65%;\">\n<div class=\"image_classic_frame expand\">\n<div class=\"image_wrapper\"><a href=\"https:\/\/auxdelicesdelorient.com\/wp-content\/uploads\/2019\/11\/patisserie-noyon-scaled.jpg\" class=\"img_frame\"><img decoding=\"async\" src=\"https:\/\/auxdelicesdelorient.com\/wp-content\/uploads\/2019\/11\/patisserie-noyon-scaled.jpg\" class=\"portfolio_img\" alt=\"\"\/><\/a><\/div>\n<\/div>\n<\/div>\n<p><br class=\"clear\"\/><\/div>\n<\/div>\n<\/div>\n<\/div>\n<div class=\"divider one\">&nbsp;<\/div>\n<div class=\"divider one\">&nbsp;<\/div>\n<div  class=\"one ppb_menu_with_image\" style=\"position:relative;padding:40px 0 40px 0;\" >\n<div class=\"standard_wrapper\">\n<div class=\"page_content_wrapper\">\n<div class=\"inner\">\n<div class=\"one_half parallax_scroll_image\" style=\"width:65%;\">\n<div class=\"image_classic_frame expand\">\n<div class=\"image_wrapper\"><a href=\"https:\/\/auxdelicesdelorient.com\/wp-content\/uploads\/2019\/11\/th\u00e9-menthe-noyon-scaled.jpeg\" class=\"img_frame\"><img decoding=\"async\" src=\"https:\/\/auxdelicesdelorient.com\/wp-content\/uploads\/2019\/11\/th\u00e9-menthe-noyon-scaled.jpeg\" class=\"portfolio_img\" alt=\"\"\/><\/a><\/div>\n<\/div>\n<\/div>\n<div class=\"one_half last parallax_scroll\" style=\"width:40%;position:absolute;right:90px;background:#ffffff;padding:40px;\" data-stellar-ratio=\"1.3\">\n<h2 class=\"ppb_menu_title\" >Gourmet tea<\/h2>\n<div id=\"menu_29231\" class=\"menu_content_classic\">\n<h5 class=\"menu_post\">\n\t\t            \t<span class=\"menu_title\" style=\"background:#ffffff;\">Gourmet tea<\/span><br \/>\n\t\t            \t<span class=\"menu_dots\"><\/span><br \/>\n\t\t            \t<span class=\"menu_price\" style=\"background:#ffffff;\">5,50 \u20ac<\/span><\/h5>\n<div class=\"post_detail menu_excerpt\">with 4 pastries at 1.20 \u20ac to choose<\/div>\n<\/div>\n<\/div>\n<p><br class=\"clear\"\/><\/div>\n<\/div>\n<\/div>\n<\/div>\n<div class=\"divider one\">&nbsp;<\/div>\n<div class=\"divider one\">&nbsp;<\/div>\n<div  class=\"one ppb_menu_with_image\" style=\"position:relative;padding:40px 0 40px 0;\" >\n<div class=\"standard_wrapper\">\n<div class=\"page_content_wrapper\">\n<div class=\"inner\">\n<div class=\"one_half parallax_scroll\" style=\"width:40%;position:absolute;left:90px;background:#ffffff;padding:40px;z-index:2;\" data-stellar-ratio=\"1.3\">\n<h2 class=\"ppb_menu_title\" >Gourmet coffee<\/h2>\n<div id=\"menu_29225\" class=\"menu_content_classic\">\n<h5 class=\"menu_post\">\n\t\t            \t<span class=\"menu_title\" style=\"background:#ffffff;\">Gourmet coffee<\/span><br \/>\n\t\t            \t<span class=\"menu_dots\"><\/span><br \/>\n\t\t            \t<span class=\"menu_price\" style=\"background:#ffffff;\">5,50 \u20ac<\/span><\/h5>\n<div class=\"post_detail menu_excerpt\">with 4 pastries at 1.20 \u20ac to choose<\/div>\n<\/div>\n<\/div>\n<div class=\"one_half parallax_scroll_image last\" style=\"width:65%;\">\n<div class=\"image_classic_frame expand\">\n<div class=\"image_wrapper\"><a href=\"https:\/\/auxdelicesdelorient.com\/wp-content\/uploads\/2019\/11\/caf\u00e9-gourmand-scaled.jpeg\" class=\"img_frame\"><img decoding=\"async\" src=\"https:\/\/auxdelicesdelorient.com\/wp-content\/uploads\/2019\/11\/caf\u00e9-gourmand-scaled.jpeg\" class=\"portfolio_img\" alt=\"\"\/><\/a><\/div>\n<\/div>\n<\/div>\n<p><br class=\"clear\"\/><\/div>\n<\/div>\n<\/div>\n<\/div>\n<div class=\"divider one\">&nbsp;<\/div>\n<div class=\"divider one\">&nbsp;<\/div>","protected":false},"excerpt":{"rendered":"<p>Vous pouvez voir ici quelques-unes de nos p\u00e2tisseries orientales et notamment nos incontournables ! Nous proposons une multitude de g\u00e2teaux traditionnels comme la Chabakia ou encore la corne de gazelle. Laissez-vous tenter par les saveurs de l\u2019Orient aux go\u00fbts de [&hellip;]<\/p>\n","protected":false},"author":1,"featured_media":29206,"parent":0,"menu_order":0,"comment_status":"closed","ping_status":"closed","template":"","meta":{"_monsterinsights_skip_tracking":false,"_monsterinsights_sitenote_active":false,"_monsterinsights_sitenote_note":"","_monsterinsights_sitenote_category":0,"footnotes":""},"yoast_head":"<!-- This site is optimized with the Yoast SEO plugin v22.6 - https:\/\/yoast.com\/wordpress\/plugins\/seo\/ -->\n<title>Les p\u00e2tisseries - Aux d\u00e9lices de l&#039;orient<\/title>\n<meta name=\"description\" content=\"Vous pouvez voir ici quelques-unes de nos p\u00e2tisseries orientales et notamment nos incontournables ! Nous proposons une multitude de g\u00e2teaux traditionnels comme la Chabakia ou encore la corne de gazelle.\" \/>\n<meta name=\"robots\" content=\"index, follow, max-snippet:-1, max-image-preview:large, max-video-preview:-1\" \/>\n<link rel=\"canonical\" href=\"https:\/\/auxdelicesdelorient.com\/english\/les-patisseries\/\" \/>\n<meta property=\"og:locale\" content=\"en_GB\" \/>\n<meta property=\"og:type\" content=\"article\" \/>\n<meta property=\"og:title\" content=\"Les p\u00e2tisseries - Aux d\u00e9lices de l&#039;orient\" \/>\n<meta property=\"og:description\" content=\"Vous pouvez voir ici quelques-unes de nos p\u00e2tisseries orientales et notamment nos incontournables ! Nous proposons une multitude de g\u00e2teaux traditionnels comme la Chabakia ou encore la corne de gazelle.\" \/>\n<meta property=\"og:url\" content=\"https:\/\/auxdelicesdelorient.com\/english\/les-patisseries\/\" \/>\n<meta property=\"og:site_name\" content=\"Aux d\u00e9lices de l&#039;orient\" \/>\n<meta property=\"article:publisher\" content=\"https:\/\/www.facebook.com\/auxdelicesdelorient\/\" \/>\n<meta property=\"article:modified_time\" content=\"2021-06-07T19:51:17+00:00\" \/>\n<meta property=\"og:image\" content=\"https:\/\/auxdelicesdelorient.com\/wp-content\/uploads\/2019\/11\/plateau-patisseries-orientales-noyon-scaled.jpeg\" \/>\n\t<meta property=\"og:image:width\" content=\"2560\" \/>\n\t<meta property=\"og:image:height\" content=\"1920\" \/>\n\t<meta property=\"og:image:type\" content=\"image\/jpeg\" \/>\n<meta name=\"twitter:card\" content=\"summary_large_image\" \/>\n<meta name=\"twitter:label1\" content=\"Estimated reading time\" \/>\n\t<meta name=\"twitter:data1\" content=\"1 minute\" \/>\n<script type=\"application\/ld+json\" class=\"yoast-schema-graph\">{\"@context\":\"https:\/\/schema.org\",\"@graph\":[{\"@type\":\"WebPage\",\"@id\":\"https:\/\/auxdelicesdelorient.com\/les-patisseries\/\",\"url\":\"https:\/\/auxdelicesdelorient.com\/les-patisseries\/\",\"name\":\"Les p\u00e2tisseries - Aux d\u00e9lices de l&#039;orient\",\"isPartOf\":{\"@id\":\"https:\/\/auxdelicesdelorient.com\/#website\"},\"primaryImageOfPage\":{\"@id\":\"https:\/\/auxdelicesdelorient.com\/les-patisseries\/#primaryimage\"},\"image\":{\"@id\":\"https:\/\/auxdelicesdelorient.com\/les-patisseries\/#primaryimage\"},\"thumbnailUrl\":\"https:\/\/auxdelicesdelorient.com\/wp-content\/uploads\/2019\/11\/plateau-patisseries-orientales-noyon-scaled.jpeg\",\"datePublished\":\"2019-11-26T18:25:42+00:00\",\"dateModified\":\"2021-06-07T19:51:17+00:00\",\"description\":\"Vous pouvez voir ici quelques-unes de nos p\u00e2tisseries orientales et notamment nos incontournables ! Nous proposons une multitude de g\u00e2teaux traditionnels comme la Chabakia ou encore la corne de gazelle.\",\"breadcrumb\":{\"@id\":\"https:\/\/auxdelicesdelorient.com\/les-patisseries\/#breadcrumb\"},\"inLanguage\":\"en-GB\",\"potentialAction\":[{\"@type\":\"ReadAction\",\"target\":[\"https:\/\/auxdelicesdelorient.com\/les-patisseries\/\"]}]},{\"@type\":\"ImageObject\",\"inLanguage\":\"en-GB\",\"@id\":\"https:\/\/auxdelicesdelorient.com\/les-patisseries\/#primaryimage\",\"url\":\"https:\/\/auxdelicesdelorient.com\/wp-content\/uploads\/2019\/11\/plateau-patisseries-orientales-noyon-scaled.jpeg\",\"contentUrl\":\"https:\/\/auxdelicesdelorient.com\/wp-content\/uploads\/2019\/11\/plateau-patisseries-orientales-noyon-scaled.jpeg\",\"width\":2560,\"height\":1920},{\"@type\":\"BreadcrumbList\",\"@id\":\"https:\/\/auxdelicesdelorient.com\/les-patisseries\/#breadcrumb\",\"itemListElement\":[{\"@type\":\"ListItem\",\"position\":1,\"name\":\"Accueil\",\"item\":\"https:\/\/auxdelicesdelorient.com\/\"},{\"@type\":\"ListItem\",\"position\":2,\"name\":\"Les p\u00e2tisseries\"}]},{\"@type\":\"WebSite\",\"@id\":\"https:\/\/auxdelicesdelorient.com\/#website\",\"url\":\"https:\/\/auxdelicesdelorient.com\/\",\"name\":\"Aux d\u00e9lices de l&#039;orient\",\"description\":\"Restaurant Oriental \u00e0 Noyon\",\"publisher\":{\"@id\":\"https:\/\/auxdelicesdelorient.com\/#organization\"},\"potentialAction\":[{\"@type\":\"SearchAction\",\"target\":{\"@type\":\"EntryPoint\",\"urlTemplate\":\"https:\/\/auxdelicesdelorient.com\/?s={search_term_string}\"},\"query-input\":\"required name=search_term_string\"}],\"inLanguage\":\"en-GB\"},{\"@type\":\"Organization\",\"@id\":\"https:\/\/auxdelicesdelorient.com\/#organization\",\"name\":\"Aux d\u00e9lices de l'Orient\",\"url\":\"https:\/\/auxdelicesdelorient.com\/\",\"logo\":{\"@type\":\"ImageObject\",\"inLanguage\":\"en-GB\",\"@id\":\"https:\/\/auxdelicesdelorient.com\/#\/schema\/logo\/image\/\",\"url\":\"\",\"contentUrl\":\"\",\"caption\":\"Aux d\u00e9lices de l'Orient\"},\"image\":{\"@id\":\"https:\/\/auxdelicesdelorient.com\/#\/schema\/logo\/image\/\"},\"sameAs\":[\"https:\/\/www.facebook.com\/auxdelicesdelorient\/\"]}]}<\/script>\n<!-- \/ Yoast SEO plugin. -->","yoast_head_json":{"title":"Les p\u00e2tisseries - Aux d\u00e9lices de l&#039;orient","description":"Vous pouvez voir ici quelques-unes de nos p\u00e2tisseries orientales et notamment nos incontournables ! Nous proposons une multitude de g\u00e2teaux traditionnels comme la Chabakia ou encore la corne de gazelle.","robots":{"index":"index","follow":"follow","max-snippet":"max-snippet:-1","max-image-preview":"max-image-preview:large","max-video-preview":"max-video-preview:-1"},"canonical":"https:\/\/auxdelicesdelorient.com\/english\/les-patisseries\/","og_locale":"en_GB","og_type":"article","og_title":"Les p\u00e2tisseries - Aux d\u00e9lices de l&#039;orient","og_description":"Vous pouvez voir ici quelques-unes de nos p\u00e2tisseries orientales et notamment nos incontournables ! Nous proposons une multitude de g\u00e2teaux traditionnels comme la Chabakia ou encore la corne de gazelle.","og_url":"https:\/\/auxdelicesdelorient.com\/english\/les-patisseries\/","og_site_name":"Aux d\u00e9lices de l&#039;orient","article_publisher":"https:\/\/www.facebook.com\/auxdelicesdelorient\/","article_modified_time":"2021-06-07T19:51:17+00:00","og_image":[{"width":2560,"height":1920,"url":"https:\/\/auxdelicesdelorient.com\/wp-content\/uploads\/2019\/11\/plateau-patisseries-orientales-noyon-scaled.jpeg","type":"image\/jpeg"}],"twitter_card":"summary_large_image","twitter_misc":{"Estimated reading time":"1 minute"},"schema":{"@context":"https:\/\/schema.org","@graph":[{"@type":"WebPage","@id":"https:\/\/auxdelicesdelorient.com\/les-patisseries\/","url":"https:\/\/auxdelicesdelorient.com\/les-patisseries\/","name":"Les p\u00e2tisseries - Aux d\u00e9lices de l&#039;orient","isPartOf":{"@id":"https:\/\/auxdelicesdelorient.com\/#website"},"primaryImageOfPage":{"@id":"https:\/\/auxdelicesdelorient.com\/les-patisseries\/#primaryimage"},"image":{"@id":"https:\/\/auxdelicesdelorient.com\/les-patisseries\/#primaryimage"},"thumbnailUrl":"https:\/\/auxdelicesdelorient.com\/wp-content\/uploads\/2019\/11\/plateau-patisseries-orientales-noyon-scaled.jpeg","datePublished":"2019-11-26T18:25:42+00:00","dateModified":"2021-06-07T19:51:17+00:00","description":"Vous pouvez voir ici quelques-unes de nos p\u00e2tisseries orientales et notamment nos incontournables ! Nous proposons une multitude de g\u00e2teaux traditionnels comme la Chabakia ou encore la corne de gazelle.","breadcrumb":{"@id":"https:\/\/auxdelicesdelorient.com\/les-patisseries\/#breadcrumb"},"inLanguage":"en-GB","potentialAction":[{"@type":"ReadAction","target":["https:\/\/auxdelicesdelorient.com\/les-patisseries\/"]}]},{"@type":"ImageObject","inLanguage":"en-GB","@id":"https:\/\/auxdelicesdelorient.com\/les-patisseries\/#primaryimage","url":"https:\/\/auxdelicesdelorient.com\/wp-content\/uploads\/2019\/11\/plateau-patisseries-orientales-noyon-scaled.jpeg","contentUrl":"https:\/\/auxdelicesdelorient.com\/wp-content\/uploads\/2019\/11\/plateau-patisseries-orientales-noyon-scaled.jpeg","width":2560,"height":1920},{"@type":"BreadcrumbList","@id":"https:\/\/auxdelicesdelorient.com\/les-patisseries\/#breadcrumb","itemListElement":[{"@type":"ListItem","position":1,"name":"Accueil","item":"https:\/\/auxdelicesdelorient.com\/"},{"@type":"ListItem","position":2,"name":"Les p\u00e2tisseries"}]},{"@type":"WebSite","@id":"https:\/\/auxdelicesdelorient.com\/#website","url":"https:\/\/auxdelicesdelorient.com\/","name":"Aux d\u00e9lices de l&#039;orient","description":"Restaurant Oriental \u00e0 Noyon","publisher":{"@id":"https:\/\/auxdelicesdelorient.com\/#organization"},"potentialAction":[{"@type":"SearchAction","target":{"@type":"EntryPoint","urlTemplate":"https:\/\/auxdelicesdelorient.com\/?s={search_term_string}"},"query-input":"required name=search_term_string"}],"inLanguage":"en-GB"},{"@type":"Organization","@id":"https:\/\/auxdelicesdelorient.com\/#organization","name":"Aux d\u00e9lices de l'Orient","url":"https:\/\/auxdelicesdelorient.com\/","logo":{"@type":"ImageObject","inLanguage":"en-GB","@id":"https:\/\/auxdelicesdelorient.com\/#\/schema\/logo\/image\/","url":"","contentUrl":"","caption":"Aux d\u00e9lices de l'Orient"},"image":{"@id":"https:\/\/auxdelicesdelorient.com\/#\/schema\/logo\/image\/"},"sameAs":["https:\/\/www.facebook.com\/auxdelicesdelorient\/"]}]}},"_links":{"self":[{"href":"https:\/\/auxdelicesdelorient.com\/english\/wp-json\/wp\/v2\/pages\/29146"}],"collection":[{"href":"https:\/\/auxdelicesdelorient.com\/english\/wp-json\/wp\/v2\/pages"}],"about":[{"href":"https:\/\/auxdelicesdelorient.com\/english\/wp-json\/wp\/v2\/types\/page"}],"author":[{"embeddable":true,"href":"https:\/\/auxdelicesdelorient.com\/english\/wp-json\/wp\/v2\/users\/1"}],"replies":[{"embeddable":true,"href":"https:\/\/auxdelicesdelorient.com\/english\/wp-json\/wp\/v2\/comments?post=29146"}],"version-history":[{"count":49,"href":"https:\/\/auxdelicesdelorient.com\/english\/wp-json\/wp\/v2\/pages\/29146\/revisions"}],"predecessor-version":[{"id":30107,"href":"https:\/\/auxdelicesdelorient.com\/english\/wp-json\/wp\/v2\/pages\/29146\/revisions\/30107"}],"wp:featuredmedia":[{"embeddable":true,"href":"https:\/\/auxdelicesdelorient.com\/english\/wp-json\/wp\/v2\/media\/29206"}],"wp:attachment":[{"href":"https:\/\/auxdelicesdelorient.com\/english\/wp-json\/wp\/v2\/media?parent=29146"}],"curies":[{"name":"wp","href":"https:\/\/api.w.org\/{rel}","templated":true}]}}